{"id":26336,"date":"2022-05-10T15:08:27","date_gmt":"2022-05-10T15:08:27","guid":{"rendered":"https:\/\/treasurehunter.media\/?page_id=26336"},"modified":"2022-08-10T13:43:26","modified_gmt":"2022-08-10T13:43:26","slug":"faqs","status":"publish","type":"page","link":"https:\/\/treasurehunter.media\/de\/faqs","title":{"rendered":"FAQs"},"content":{"rendered":"\n<section class=\"wp-block-uagb-section uagb-section__wrap uagb-section__background-color alignfull uagb-block-7ce75b74 hero hero-subpage small-padding\"><div class=\"uagb-section__overlay\"><\/div><div class=\"uagb-section__inner-wrap\"><div class=\"yoast-breadcrumbs\"><span><span><a href=\"https:\/\/treasurehunter.media\/de\">Home<\/a><\/span> \u2022 <span class=\"breadcrumb_last\" aria-current=\"page\">FAQs<\/span><\/span><\/div>\n\n\n<h1 class=\"has-ast-global-color-5-color has-text-color has-large-font-size wp-block-heading\">FAQs<\/h1>\n<\/div><\/section>\n\n\n\n<section class=\"wp-block-uagb-section uagb-section__wrap uagb-section__background-color alignfull uagb-block-2d4a705f section-faq simple-selling page-faq\"><div class=\"uagb-section__overlay\"><\/div><div class=\"uagb-section__inner-wrap\"><div class=\"wp-block-uagb-faq uagb-faq__outer-wrap uagb-block-07fe6812 uagb-faq-icon-row uagb-faq-layout-accordion uagb-faq-expand-first-true uagb-faq-inactive-other-true uagb-faq__wrap uagb-buttons-layout-wrap uagb-faq-equal-height     \" data-faqtoggle=\"true\" role=\"tablist\"><script type=\"application\/ld+json\">{\"@context\":\"https:\\\/\\\/schema.org\",\"@type\":\"FAQPage\",\"@id\":\"https:\\\/\\\/treasurehunter.media\\\/de\\\/faqs\",\"mainEntity\":[{\"@type\":\"Question\",\"name\":\"Wieviel Umsatz sollte ich mit meinem Content Portal bereits erzielen, damit es f\\u00fcr TreasureHunter in Frage kommt?\",\"acceptedAnswer\":{\"@type\":\"Answer\",\"text\":\"Dein Content Portal sollte pro Monat einen Umsatz von mindestens 8.000\\u20ac erzielen\"}},{\"@type\":\"Question\",\"name\":\"Wie lange dauert der Verkaufsprozess \\u00fcblicher Weise?\",\"acceptedAnswer\":{\"@type\":\"Answer\",\"text\":\"Der gesamte Verkaufsprozess vom ersten Kontakt bis zum Eingang des Kaufpreises auf Deinem Konto dauert regelm\\u00e4\\u00dfig zwischen 20 und 90 Tagen, wobei wir es im schnellsten Fall in nur 14 Tagen geschafft haben!\\u00a0\"}},{\"@type\":\"Question\",\"name\":\"In welchen Themenbereichen kauft TreasureHunter Content Portale?\",\"acceptedAnswer\":{\"@type\":\"Answer\",\"text\":\"Wir sind thematisch breit aufgestellt und grunds\\u00e4tzlich f\\u00fcr alle Themenbereiche offen, au\\u00dfer gambling, adult content, u.\\u00e4.\"}},{\"@type\":\"Question\",\"name\":\"In welchen M\\u00e4rkten bzw. L\\u00e4ndern kauft TreasureHunter Content Portale?\",\"acceptedAnswer\":{\"@type\":\"Answer\",\"text\":\"Wir fokussieren uns auf Portale und Blogs mit Zielgruppen in den USA sowie Deutschland\\\/\\u00d6sterreich\\\/Schweiz.\"}},{\"@type\":\"Question\",\"name\":\"Kauft Ihr auch internationale Projekte?\",\"acceptedAnswer\":{\"@type\":\"Answer\",\"text\":\"Ja! Solange ein Bezug zum US oder D\\\/A\\\/CH Markt besteht, sind wir auch f\\u00fcr internationale Projekte offen\"}},{\"@type\":\"Question\",\"name\":\"Welche Infos ben\\u00f6tigt ihr von mir f\\u00fcr eine Ersteinsch\\u00e4tzung?\",\"acceptedAnswer\":{\"@type\":\"Answer\",\"text\":\"F\\u00fcr eine erste Einsch\\u00e4tzung ben\\u00f6tigen wir lediglich aktuelle Ums\\u00e4tze sowie Kosten auf monatlicher Basis. <a href=\\\"https:\\\/\\\/michaelfink647399.typeform.com\\\/to\\\/h8k1CuT1?utm_source=xxxxx&amp;utm_medium=xxxxx&amp;utm_campaign=xxxxx&amp;utm_term=xxxxx&amp;utm_content=xxxxx\\\" rel=\\\"nofollow\\\">Hier<\\\/a> kommst Du in nur 5 Schritten kostenlos zu Deiner ersten Firmenbewertung!\"}},{\"@type\":\"Question\",\"name\":\"Sind meine Informationen bei Euch sicher?\",\"acceptedAnswer\":{\"@type\":\"Answer\",\"text\":\"Absolut. Dem Umgang mit s\\u00e4mtlichen Deiner Unternehmensdaten legen wir h\\u00f6chste Ma\\u00dfst\\u00e4be zu Grunde und arbeiten nur mit technischen Dienstleistern von internationalem Renommee.\"}},{\"@type\":\"Question\",\"name\":\"Ich f\\u00fchle mich nicht wohl dabei, Daten und Screenshots meiner Webseite zu teilen.\",\"acceptedAnswer\":{\"@type\":\"Answer\",\"text\":\"Das verstehen wir vollkommen, da es sich um wichtige Firmeninformationen handelt. Gleichzeitig ist der Traffic bei Webseiten durch externe Tools gut absch\\u00e4tzbar, davon abgeleitet auch der Umsatz und Gewinn. \\u00c4hnlich wie beim Kauf einer Immobilie oder eines Autos ben\\u00f6tigen wir einige Daten, um uns einen \\u00dcberblick \\u00fcber den aktuellen Status und das Potential Deiner Webseite verschaffen zu k\\u00f6nnen. Gleichzeitig fragen wir gerade initial so wenige Daten wie nur m\\u00f6glich ab. Und keine Sorge, die Geheimhaltungsvereinbarung (NDA) sch\\u00fctzt Dich und stellt sicher, dass alle uns zur Verf\\u00fcgung gestellten Informationen sicher aufbewahrt werden, nicht an Dritte weitergegeben werden und die Daten nicht dazu verwendet werden k\\u00f6nnen, ein konkurrierendes Gesch\\u00e4ft aufzubauen.\"}},{\"@type\":\"Question\",\"name\":\"Wie berechnet ihr den Wert meines Content Portals?\",\"acceptedAnswer\":{\"@type\":\"Answer\",\"text\":\"Im Rahmen unserer Bewertung stellen wir auf markt\\u00fcbliche KPIs ab\"}},{\"@type\":\"Question\",\"name\":\"Wer erf\\u00e4hrt von dem Verkauf meiner Webseite?\",\"acceptedAnswer\":{\"@type\":\"Answer\",\"text\":\"Niemand, wenn Du es nicht willst. Viele Verk\\u00e4ufer w\\u00fcnschen sich Anonymit\\u00e4t und Vertraulichkeit bzgl. des Verkaufsvorgangs, die wir selbstverst\\u00e4ndlich respektieren. Daher sind auch viele unserer Transaktionen und Fallbeispiele anonymisiert.\"}},{\"@type\":\"Question\",\"name\":\"Bevor ich mein Content Portal bei euch zur Erstbewertung einreiche habe ich offene Fragen - an wen darf ich mich wenden?\",\"acceptedAnswer\":{\"@type\":\"Answer\",\"text\":\"Gerne kl\\u00e4ren wir alle deine offenen Fragen telefonisch oder per Mail - wende dich hierzu an Tiam Jafari (<a href=\\\"mailto:tiam.jafari@treasurehunter.media\\\" rel=\\\"nofollow\\\">tiam.jafari@treasurehunter.media<\\\/a>) bzw.\"}}]}<\/script><div class=\"wp-block-uagb-faq-child uagb-faq-child__outer-wrap uagb-faq-item uagb-block-1969cf1b \" role=\"tab\" tabindex=\"0\"><div class=\"uagb-faq-questions-button uagb-faq-questions\">\t\t\t<span class=\"uagb-icon uagb-faq-icon-wrap\">\n\t\t\t\t\t\t\t<\/span>\n\t\t\t\t\t\t<span class=\"uagb-icon-active uagb-faq-icon-wrap\">\n\t\t\t\t\t\t\t<\/span>\n\t\t\t<span class=\"uagb-question\">Wieviel Umsatz sollte ich mit meinem Content Portal bereits erzielen, damit es f\u00fcr TreasureHunter in Frage kommt?<\/span><\/div><div class=\"uagb-faq-content\"><p>Dein Content Portal sollte pro Monat einen Umsatz von mindestens 8.000\u20ac erzielen<\/p><\/div><\/div><div class=\"wp-block-uagb-faq-child uagb-faq-child__outer-wrap uagb-faq-item uagb-block-306c5fb5 \" role=\"tab\" tabindex=\"0\"><div class=\"uagb-faq-questions-button uagb-faq-questions\">\t\t\t<span class=\"uagb-icon uagb-faq-icon-wrap\">\n\t\t\t\t\t\t\t<\/span>\n\t\t\t\t\t\t<span class=\"uagb-icon-active uagb-faq-icon-wrap\">\n\t\t\t\t\t\t\t<\/span>\n\t\t\t<span class=\"uagb-question\">Wie lange dauert der Verkaufsprozess \u00fcblicher Weise?<\/span><\/div><div class=\"uagb-faq-content\"><p>Der gesamte Verkaufsprozess vom ersten Kontakt bis zum Eingang des Kaufpreises auf Deinem Konto dauert regelm\u00e4\u00dfig zwischen 20 und 90 Tagen, wobei wir es im schnellsten Fall in nur 14 Tagen geschafft haben!\u00a0<\/p><\/div><\/div><div class=\"wp-block-uagb-faq-child uagb-faq-child__outer-wrap uagb-faq-item uagb-block-954ebfae \" role=\"tab\" tabindex=\"0\"><div class=\"uagb-faq-questions-button uagb-faq-questions\">\t\t\t<span class=\"uagb-icon uagb-faq-icon-wrap\">\n\t\t\t\t\t\t\t<\/span>\n\t\t\t\t\t\t<span class=\"uagb-icon-active uagb-faq-icon-wrap\">\n\t\t\t\t\t\t\t<\/span>\n\t\t\t<span class=\"uagb-question\">In welchen Themenbereichen kauft TreasureHunter Content Portale?<\/span><\/div><div class=\"uagb-faq-content\"><p>Wir sind thematisch breit aufgestellt und grunds\u00e4tzlich f\u00fcr alle Themenbereiche offen, au\u00dfer gambling, adult content, u.\u00e4.<\/p><\/div><\/div><div class=\"wp-block-uagb-faq-child uagb-faq-child__outer-wrap uagb-faq-item uagb-block-71c73b38 \" role=\"tab\" tabindex=\"0\"><div class=\"uagb-faq-questions-button uagb-faq-questions\">\t\t\t<span class=\"uagb-icon uagb-faq-icon-wrap\">\n\t\t\t\t\t\t\t<\/span>\n\t\t\t\t\t\t<span class=\"uagb-icon-active uagb-faq-icon-wrap\">\n\t\t\t\t\t\t\t<\/span>\n\t\t\t<span class=\"uagb-question\">In welchen M\u00e4rkten bzw. L\u00e4ndern kauft TreasureHunter Content Portale?<\/span><\/div><div class=\"uagb-faq-content\"><p>Wir fokussieren uns auf Portale und Blogs mit Zielgruppen in den USA sowie Deutschland\/\u00d6sterreich\/Schweiz.<\/p><\/div><\/div><div class=\"wp-block-uagb-faq-child uagb-faq-child__outer-wrap uagb-faq-item uagb-block-e229ff38 \" role=\"tab\" tabindex=\"0\"><div class=\"uagb-faq-questions-button uagb-faq-questions\">\t\t\t<span class=\"uagb-icon uagb-faq-icon-wrap\">\n\t\t\t\t\t\t\t<\/span>\n\t\t\t\t\t\t<span class=\"uagb-icon-active uagb-faq-icon-wrap\">\n\t\t\t\t\t\t\t<\/span>\n\t\t\t<span class=\"uagb-question\">Kauft Ihr auch internationale Projekte?<\/span><\/div><div class=\"uagb-faq-content\"><p>Ja! Solange ein Bezug zum US oder D\/A\/CH Markt besteht, sind wir auch f\u00fcr internationale Projekte offen<\/p><\/div><\/div><div class=\"wp-block-uagb-faq-child uagb-faq-child__outer-wrap uagb-faq-item uagb-block-7e4557d0 \" role=\"tab\" tabindex=\"0\"><div class=\"uagb-faq-questions-button uagb-faq-questions\">\t\t\t<span class=\"uagb-icon uagb-faq-icon-wrap\">\n\t\t\t\t\t\t\t<\/span>\n\t\t\t\t\t\t<span class=\"uagb-icon-active uagb-faq-icon-wrap\">\n\t\t\t\t\t\t\t<\/span>\n\t\t\t<span class=\"uagb-question\">Welche Infos ben\u00f6tigt ihr von mir f\u00fcr eine Ersteinsch\u00e4tzung?<\/span><\/div><div class=\"uagb-faq-content\"><p>F\u00fcr eine erste Einsch\u00e4tzung ben\u00f6tigen wir lediglich aktuelle Ums\u00e4tze sowie Kosten auf monatlicher Basis. <a href=\"https:\/\/michaelfink647399.typeform.com\/to\/h8k1CuT1?utm_source=xxxxx&amp;utm_medium=xxxxx&amp;utm_campaign=xxxxx&amp;utm_term=xxxxx&amp;utm_content=xxxxx\" rel=\"nofollow\">Hier<\/a> kommst Du in nur 5 Schritten kostenlos zu Deiner ersten Firmenbewertung!<\/p><\/div><\/div><div class=\"wp-block-uagb-faq-child uagb-faq-child__outer-wrap uagb-faq-item uagb-block-dc37ccc7 \" role=\"tab\" tabindex=\"0\"><div class=\"uagb-faq-questions-button uagb-faq-questions\">\t\t\t<span class=\"uagb-icon uagb-faq-icon-wrap\">\n\t\t\t\t\t\t\t<\/span>\n\t\t\t\t\t\t<span class=\"uagb-icon-active uagb-faq-icon-wrap\">\n\t\t\t\t\t\t\t<\/span>\n\t\t\t<span class=\"uagb-question\">Sind meine Informationen bei Euch sicher?<\/span><\/div><div class=\"uagb-faq-content\"><p>Absolut. Dem Umgang mit s\u00e4mtlichen Deiner Unternehmensdaten legen wir h\u00f6chste Ma\u00dfst\u00e4be zu Grunde und arbeiten nur mit technischen Dienstleistern von internationalem Renommee.<\/p><\/div><\/div><div class=\"wp-block-uagb-faq-child uagb-faq-child__outer-wrap uagb-faq-item uagb-block-aab92231 \" role=\"tab\" tabindex=\"0\"><div class=\"uagb-faq-questions-button uagb-faq-questions\">\t\t\t<span class=\"uagb-icon uagb-faq-icon-wrap\">\n\t\t\t\t\t\t\t<\/span>\n\t\t\t\t\t\t<span class=\"uagb-icon-active uagb-faq-icon-wrap\">\n\t\t\t\t\t\t\t<\/span>\n\t\t\t<span class=\"uagb-question\">Ich f\u00fchle mich nicht wohl dabei, Daten und Screenshots meiner Webseite zu teilen.<\/span><\/div><div class=\"uagb-faq-content\"><p>Das verstehen wir vollkommen, da es sich um wichtige Firmeninformationen handelt. Gleichzeitig ist der Traffic bei Webseiten durch externe Tools gut absch\u00e4tzbar, davon abgeleitet auch der Umsatz und Gewinn. \u00c4hnlich wie beim Kauf einer Immobilie oder eines Autos ben\u00f6tigen wir einige Daten, um uns einen \u00dcberblick \u00fcber den aktuellen Status und das Potential Deiner Webseite verschaffen zu k\u00f6nnen. Gleichzeitig fragen wir gerade initial so wenige Daten wie nur m\u00f6glich ab. Und keine Sorge, die Geheimhaltungsvereinbarung (NDA) sch\u00fctzt Dich und stellt sicher, dass alle uns zur Verf\u00fcgung gestellten Informationen sicher aufbewahrt werden, nicht an Dritte weitergegeben werden und die Daten nicht dazu verwendet werden k\u00f6nnen, ein konkurrierendes Gesch\u00e4ft aufzubauen.<\/p><\/div><\/div><div class=\"wp-block-uagb-faq-child uagb-faq-child__outer-wrap uagb-faq-item uagb-block-2567c058 \" role=\"tab\" tabindex=\"0\"><div class=\"uagb-faq-questions-button uagb-faq-questions\">\t\t\t<span class=\"uagb-icon uagb-faq-icon-wrap\">\n\t\t\t\t\t\t\t<\/span>\n\t\t\t\t\t\t<span class=\"uagb-icon-active uagb-faq-icon-wrap\">\n\t\t\t\t\t\t\t<\/span>\n\t\t\t<span class=\"uagb-question\">Wie berechnet ihr den Wert meines Content Portals?<\/span><\/div><div class=\"uagb-faq-content\"><p>Im Rahmen unserer Bewertung stellen wir auf markt\u00fcbliche KPIs ab<\/p><\/div><\/div><div class=\"wp-block-uagb-faq-child uagb-faq-child__outer-wrap uagb-faq-item uagb-block-a97c5208 \" role=\"tab\" tabindex=\"0\"><div class=\"uagb-faq-questions-button uagb-faq-questions\">\t\t\t<span class=\"uagb-icon uagb-faq-icon-wrap\">\n\t\t\t\t\t\t\t<\/span>\n\t\t\t\t\t\t<span class=\"uagb-icon-active uagb-faq-icon-wrap\">\n\t\t\t\t\t\t\t<\/span>\n\t\t\t<span class=\"uagb-question\">Wer erf\u00e4hrt von dem Verkauf meiner Webseite?<\/span><\/div><div class=\"uagb-faq-content\"><p>Niemand, wenn Du es nicht willst. Viele Verk\u00e4ufer w\u00fcnschen sich Anonymit\u00e4t und Vertraulichkeit bzgl. des Verkaufsvorgangs, die wir selbstverst\u00e4ndlich respektieren. Daher sind auch viele unserer Transaktionen und Fallbeispiele anonymisiert.<\/p><\/div><\/div><div class=\"wp-block-uagb-faq-child uagb-faq-child__outer-wrap uagb-faq-item uagb-block-75b4c6b0 \" role=\"tab\" tabindex=\"0\"><div class=\"uagb-faq-questions-button uagb-faq-questions\">\t\t\t<span class=\"uagb-icon uagb-faq-icon-wrap\">\n\t\t\t\t\t\t\t<\/span>\n\t\t\t\t\t\t<span class=\"uagb-icon-active uagb-faq-icon-wrap\">\n\t\t\t\t\t\t\t<\/span>\n\t\t\t<span class=\"uagb-question\">Bevor ich mein Content Portal bei euch zur Erstbewertung einreiche habe ich offene Fragen &#8211; an wen darf ich mich wenden?<\/span><\/div><div class=\"uagb-faq-content\"><p>Gerne kl\u00e4ren wir alle deine offenen Fragen telefonisch oder per Mail &#8211; wende dich hierzu an Tiam Jafari (<a href=\"mailto:tiam.jafari@treasurehunter.media\" rel=\"nofollow\">tiam.jafari@treasurehunter.media<\/a>) bzw.<\/p><\/div><\/div><\/div><\/div><\/section>\n\n\n\n<section class=\"wp-block-uagb-section uagb-section__wrap uagb-section__background-color alignfull uagb-block-53e6e742 section-steps\"><div class=\"uagb-section__overlay\"><\/div><div class=\"uagb-section__inner-wrap\">\n<div style=\"height:8px\" aria-hidden=\"true\" class=\"wp-block-spacer\"><\/div>\n\n\n\n<div class=\"wp-block-cover aligncenter is-light\" style=\"min-height:440px;aspect-ratio:unset;\"><span aria-hidden=\"true\" class=\"wp-block-cover__background has-background-dim-0 has-background-dim\"><\/span><img decoding=\"async\" width=\"1120\" height=\"440\" class=\"wp-block-cover__image-background wp-image-25967\" alt=\"\" src=\"https:\/\/treasurehunter.media\/wp-content\/uploads\/2022\/04\/Rectangle-9.jpg\" data-object-fit=\"cover\" srcset=\"https:\/\/treasurehunter.media\/wp-content\/uploads\/2022\/04\/Rectangle-9.jpg 1120w, https:\/\/treasurehunter.media\/wp-content\/uploads\/2022\/04\/Rectangle-9-300x118.jpg 300w, https:\/\/treasurehunter.media\/wp-content\/uploads\/2022\/04\/Rectangle-9-1024x402.jpg 1024w, https:\/\/treasurehunter.media\/wp-content\/uploads\/2022\/04\/Rectangle-9-768x302.jpg 768w\" sizes=\"(max-width: 1120px) 100vw, 1120px\" \/><div class=\"wp-block-cover__inner-container is-layout-flow wp-block-cover-is-layout-flow\">\n<button class=\"wp-block-button__link\" data-tf-popup=\"h8k1CuT1\" data-tf-iframe-props=\"title=Valuation\" data-tf-medium=\"snippet\" data-tf-hidden=\"utm_source=typeforms,utm_medium=xxxxx,utm_campaign=xxxxx,utm_term=valuation,utm_content=xxxxx,affiliate_id=\">Bewertung einholen<\/button>\n<\/div><\/div>\n<\/div><\/section>\n","protected":false},"excerpt":{"rendered":"","protected":false},"author":2,"featured_media":0,"parent":0,"menu_order":0,"comment_status":"closed","ping_status":"closed","template":"","meta":{"_acf_changed":false,"inline_featured_image":false,"_uag_custom_page_level_css":"","site-sidebar-layout":"no-sidebar","site-content-layout":"plain-container","ast-site-content-layout":"","site-content-style":"default","site-sidebar-style":"default","ast-global-header-display":"","ast-banner-title-visibility":"","ast-main-header-display":"","ast-hfb-above-header-display":"","ast-hfb-below-header-display":"","ast-hfb-mobile-header-display":"","site-post-title":"disabled","ast-breadcrumbs-content":"","ast-featured-img":"","footer-sml-layout":"","theme-transparent-header-meta":"enabled","adv-header-id-meta":"","stick-header-meta":"","header-above-stick-meta":"","header-main-stick-meta":"","header-below-stick-meta":"","astra-migrate-meta-layouts":"default","ast-page-background-enabled":"default","ast-page-background-meta":{"desktop":{"background-color":"","background-image":"","background-repeat":"repeat","background-position":"center center","background-size":"auto","background-attachment":"scroll","background-type":"","background-media":"","overlay-type":"","overlay-color":"","overlay-opacity":"","overlay-gradient":""},"tablet":{"background-color":"","background-image":"","background-repeat":"repeat","background-position":"center center","background-size":"auto","background-attachment":"scroll","background-type":"","background-media":"","overlay-type":"","overlay-color":"","overlay-opacity":"","overlay-gradient":""},"mobile":{"background-color":"","background-image":"","background-repeat":"repeat","background-position":"center center","background-size":"auto","background-attachment":"scroll","background-type":"","background-media":"","overlay-type":"","overlay-color":"","overlay-opacity":"","overlay-gradient":""}},"ast-content-background-meta":{"desktop":{"background-color":"var(--ast-global-color-5)","background-image":"","background-repeat":"repeat","background-position":"center center","background-size":"auto","background-attachment":"scroll","background-type":"","background-media":"","overlay-type":"","overlay-color":"","overlay-opacity":"","overlay-gradient":""},"tablet":{"background-color":"var(--ast-global-color-5)","background-image":"","background-repeat":"repeat","background-position":"center center","background-size":"auto","background-attachment":"scroll","background-type":"","background-media":"","overlay-type":"","overlay-color":"","overlay-opacity":"","overlay-gradient":""},"mobile":{"background-color":"var(--ast-global-color-5)","background-image":"","background-repeat":"repeat","background-position":"center center","background-size":"auto","background-attachment":"scroll","background-type":"","background-media":"","overlay-type":"","overlay-color":"","overlay-opacity":"","overlay-gradient":""}},"footnotes":""},"class_list":["post-26336","page","type-page","status-publish","hentry"],"acf":[],"yoast_head":"<!-- This site is optimized with the Yoast SEO plugin v27.1.1 - https:\/\/yoast.com\/product\/yoast-seo-wordpress\/ -->\n<title>FAQs - TreasureHunter<\/title>\n<meta name=\"robots\" content=\"index, follow, max-snippet:-1, max-image-preview:large, max-video-preview:-1\" \/>\n<link rel=\"canonical\" href=\"https:\/\/treasurehunter.media\/de\/faqs\" \/>\n<meta property=\"og:locale\" content=\"de_DE\" \/>\n<meta property=\"og:type\" content=\"article\" \/>\n<meta property=\"og:title\" content=\"FAQs - TreasureHunter\" \/>\n<meta property=\"og:url\" content=\"https:\/\/treasurehunter.media\/de\/faqs\" \/>\n<meta property=\"og:site_name\" content=\"TreasureHunter\" \/>\n<meta property=\"article:modified_time\" content=\"2022-08-10T13:43:26+00:00\" \/>\n<meta property=\"og:image\" content=\"https:\/\/treasurehunter.media\/wp-content\/uploads\/2022\/04\/Rectangle-9.jpg\" \/>\n<meta name=\"twitter:card\" content=\"summary_large_image\" \/>\n<meta name=\"twitter:label1\" content=\"Gesch\u00e4tzte Lesezeit\" \/>\n\t<meta name=\"twitter:data1\" content=\"4\u00a0Minuten\" \/>\n<script type=\"application\/ld+json\" class=\"yoast-schema-graph\">{\"@context\":\"https:\/\/schema.org\",\"@graph\":[{\"@type\":\"WebPage\",\"@id\":\"https:\/\/treasurehunter.media\/de\/faqs\",\"url\":\"https:\/\/treasurehunter.media\/de\/faqs\",\"name\":\"FAQs - TreasureHunter\",\"isPartOf\":{\"@id\":\"https:\/\/treasurehunter.media\/de#website\"},\"primaryImageOfPage\":{\"@id\":\"https:\/\/treasurehunter.media\/de\/faqs#primaryimage\"},\"image\":{\"@id\":\"https:\/\/treasurehunter.media\/de\/faqs#primaryimage\"},\"thumbnailUrl\":\"https:\/\/treasurehunter.media\/wp-content\/uploads\/2022\/04\/Rectangle-9.jpg\",\"datePublished\":\"2022-05-10T15:08:27+00:00\",\"dateModified\":\"2022-08-10T13:43:26+00:00\",\"breadcrumb\":{\"@id\":\"https:\/\/treasurehunter.media\/de\/faqs#breadcrumb\"},\"inLanguage\":\"de\",\"potentialAction\":[{\"@type\":\"ReadAction\",\"target\":[\"https:\/\/treasurehunter.media\/de\/faqs\"]}]},{\"@type\":\"ImageObject\",\"inLanguage\":\"de\",\"@id\":\"https:\/\/treasurehunter.media\/de\/faqs#primaryimage\",\"url\":\"https:\/\/treasurehunter.media\/wp-content\/uploads\/2022\/04\/Rectangle-9.jpg\",\"contentUrl\":\"https:\/\/treasurehunter.media\/wp-content\/uploads\/2022\/04\/Rectangle-9.jpg\"},{\"@type\":\"BreadcrumbList\",\"@id\":\"https:\/\/treasurehunter.media\/de\/faqs#breadcrumb\",\"itemListElement\":[{\"@type\":\"ListItem\",\"position\":1,\"name\":\"Home\",\"item\":\"https:\/\/treasurehunter.media\/de\"},{\"@type\":\"ListItem\",\"position\":2,\"name\":\"FAQs\"}]},{\"@type\":\"WebSite\",\"@id\":\"https:\/\/treasurehunter.media\/de#website\",\"url\":\"https:\/\/treasurehunter.media\/de\",\"name\":\"TreasureHunter\",\"description\":\"\",\"publisher\":{\"@id\":\"https:\/\/treasurehunter.media\/de#organization\"},\"potentialAction\":[{\"@type\":\"SearchAction\",\"target\":{\"@type\":\"EntryPoint\",\"urlTemplate\":\"https:\/\/treasurehunter.media\/de?s={search_term_string}\"},\"query-input\":{\"@type\":\"PropertyValueSpecification\",\"valueRequired\":true,\"valueName\":\"search_term_string\"}}],\"inLanguage\":\"de\"},{\"@type\":\"Organization\",\"@id\":\"https:\/\/treasurehunter.media\/de#organization\",\"name\":\"TreasureHunter\",\"url\":\"https:\/\/treasurehunter.media\/de\",\"logo\":{\"@type\":\"ImageObject\",\"inLanguage\":\"de\",\"@id\":\"https:\/\/treasurehunter.media\/de#\/schema\/logo\/image\/\",\"url\":\"https:\/\/treasurehunter.media\/wp-content\/uploads\/2022\/04\/logo-treasure.svg\",\"contentUrl\":\"https:\/\/treasurehunter.media\/wp-content\/uploads\/2022\/04\/logo-treasure.svg\",\"width\":46,\"height\":41,\"caption\":\"TreasureHunter\"},\"image\":{\"@id\":\"https:\/\/treasurehunter.media\/de#\/schema\/logo\/image\/\"}}]}<\/script>\n<!-- \/ Yoast SEO plugin. -->","yoast_head_json":{"title":"FAQs - TreasureHunter","robots":{"index":"index","follow":"follow","max-snippet":"max-snippet:-1","max-image-preview":"max-image-preview:large","max-video-preview":"max-video-preview:-1"},"canonical":"https:\/\/treasurehunter.media\/de\/faqs","og_locale":"de_DE","og_type":"article","og_title":"FAQs - TreasureHunter","og_url":"https:\/\/treasurehunter.media\/de\/faqs","og_site_name":"TreasureHunter","article_modified_time":"2022-08-10T13:43:26+00:00","og_image":[{"url":"https:\/\/treasurehunter.media\/wp-content\/uploads\/2022\/04\/Rectangle-9.jpg","type":"","width":"","height":""}],"twitter_card":"summary_large_image","twitter_misc":{"Gesch\u00e4tzte Lesezeit":"4\u00a0Minuten"},"schema":{"@context":"https:\/\/schema.org","@graph":[{"@type":"WebPage","@id":"https:\/\/treasurehunter.media\/de\/faqs","url":"https:\/\/treasurehunter.media\/de\/faqs","name":"FAQs - TreasureHunter","isPartOf":{"@id":"https:\/\/treasurehunter.media\/de#website"},"primaryImageOfPage":{"@id":"https:\/\/treasurehunter.media\/de\/faqs#primaryimage"},"image":{"@id":"https:\/\/treasurehunter.media\/de\/faqs#primaryimage"},"thumbnailUrl":"https:\/\/treasurehunter.media\/wp-content\/uploads\/2022\/04\/Rectangle-9.jpg","datePublished":"2022-05-10T15:08:27+00:00","dateModified":"2022-08-10T13:43:26+00:00","breadcrumb":{"@id":"https:\/\/treasurehunter.media\/de\/faqs#breadcrumb"},"inLanguage":"de","potentialAction":[{"@type":"ReadAction","target":["https:\/\/treasurehunter.media\/de\/faqs"]}]},{"@type":"ImageObject","inLanguage":"de","@id":"https:\/\/treasurehunter.media\/de\/faqs#primaryimage","url":"https:\/\/treasurehunter.media\/wp-content\/uploads\/2022\/04\/Rectangle-9.jpg","contentUrl":"https:\/\/treasurehunter.media\/wp-content\/uploads\/2022\/04\/Rectangle-9.jpg"},{"@type":"BreadcrumbList","@id":"https:\/\/treasurehunter.media\/de\/faqs#breadcrumb","itemListElement":[{"@type":"ListItem","position":1,"name":"Home","item":"https:\/\/treasurehunter.media\/de"},{"@type":"ListItem","position":2,"name":"FAQs"}]},{"@type":"WebSite","@id":"https:\/\/treasurehunter.media\/de#website","url":"https:\/\/treasurehunter.media\/de","name":"TreasureHunter","description":"","publisher":{"@id":"https:\/\/treasurehunter.media\/de#organization"},"potentialAction":[{"@type":"SearchAction","target":{"@type":"EntryPoint","urlTemplate":"https:\/\/treasurehunter.media\/de?s={search_term_string}"},"query-input":{"@type":"PropertyValueSpecification","valueRequired":true,"valueName":"search_term_string"}}],"inLanguage":"de"},{"@type":"Organization","@id":"https:\/\/treasurehunter.media\/de#organization","name":"TreasureHunter","url":"https:\/\/treasurehunter.media\/de","logo":{"@type":"ImageObject","inLanguage":"de","@id":"https:\/\/treasurehunter.media\/de#\/schema\/logo\/image\/","url":"https:\/\/treasurehunter.media\/wp-content\/uploads\/2022\/04\/logo-treasure.svg","contentUrl":"https:\/\/treasurehunter.media\/wp-content\/uploads\/2022\/04\/logo-treasure.svg","width":46,"height":41,"caption":"TreasureHunter"},"image":{"@id":"https:\/\/treasurehunter.media\/de#\/schema\/logo\/image\/"}}]}},"uagb_featured_image_src":{"full":false,"thumbnail":false,"medium":false,"medium_large":false,"large":false,"1536x1536":false,"2048x2048":false},"uagb_author_info":{"display_name":"Benjamin Schardt","author_link":"https:\/\/treasurehunter.media\/de\/author\/benjamin"},"uagb_comment_info":0,"uagb_excerpt":null,"_links":{"self":[{"href":"https:\/\/treasurehunter.media\/de\/wp-json\/wp\/v2\/pages\/26336","targetHints":{"allow":["GET"]}}],"collection":[{"href":"https:\/\/treasurehunter.media\/de\/wp-json\/wp\/v2\/pages"}],"about":[{"href":"https:\/\/treasurehunter.media\/de\/wp-json\/wp\/v2\/types\/page"}],"author":[{"embeddable":true,"href":"https:\/\/treasurehunter.media\/de\/wp-json\/wp\/v2\/users\/2"}],"replies":[{"embeddable":true,"href":"https:\/\/treasurehunter.media\/de\/wp-json\/wp\/v2\/comments?post=26336"}],"version-history":[{"count":25,"href":"https:\/\/treasurehunter.media\/de\/wp-json\/wp\/v2\/pages\/26336\/revisions"}],"predecessor-version":[{"id":27335,"href":"https:\/\/treasurehunter.media\/de\/wp-json\/wp\/v2\/pages\/26336\/revisions\/27335"}],"wp:attachment":[{"href":"https:\/\/treasurehunter.media\/de\/wp-json\/wp\/v2\/media?parent=26336"}],"curies":[{"name":"wp","href":"https:\/\/api.w.org\/{rel}","templated":true}]}}